{"id":173,"date":"2021-01-08T13:29:22","date_gmt":"2021-01-08T12:29:22","guid":{"rendered":"http:\/\/neu.vorderachsen.at\/?page_id=173"},"modified":"2023-03-02T10:49:03","modified_gmt":"2023-03-02T09:49:03","slug":"startseite","status":"publish","type":"page","link":"https:\/\/www.vorderachsen.at\/de\/","title":{"rendered":"Startseite"},"content":{"rendered":"<div class=\"topline\">Willkommen bei vorderachsen.at<\/div>\n<h2>Der Vorderachsen Spezialist aus dem M\u00fchlviertel<\/h2>\n<p>Ihr zuverl\u00e4ssiger Partner f\u00fcr Reparaturen und Ersatzteile.<\/p>\n<p><a href=\"https:\/\/www.vorderachsen.at\/de\/ueber-uns\/\">\u00dcber uns<\/a><br \/>\n<a href=\"https:\/\/www.vorderachsen.at\/de\/shop\/\">Zum Shop<\/a><\/p>\n","protected":false},"excerpt":{"rendered":"<p>Willkommen bei vorderachsen.at Der Vorderachsen Spezialist aus dem M\u00fchlviertel Ihr zuverl\u00e4ssiger Partner f\u00fcr Reparaturen und Ersatzteile. \u00dcber uns Zum Shop<\/p>\n","protected":false},"author":1,"featured_media":0,"parent":0,"menu_order":0,"comment_status":"closed","ping_status":"closed","template":"","meta":{"_acf_changed":false,"footnotes":""},"class_list":["post-173","page","type-page","status-publish","hentry"],"acf":[],"yoast_head":"<!-- This site is optimized with the Yoast SEO plugin v26.4 - https:\/\/yoast.com\/wordpress\/plugins\/seo\/ -->\n<title>Startseite - D&amp;F Vorderachsen Ehrengruber<\/title>\n<meta name=\"robots\" content=\"index, follow, max-snippet:-1, max-image-preview:large, max-video-preview:-1\" \/>\n<link rel=\"canonical\" href=\"https:\/\/www.vorderachsen.at\/de\/\" \/>\n<meta property=\"og:locale\" content=\"de_DE\" \/>\n<meta property=\"og:type\" content=\"article\" \/>\n<meta property=\"og:title\" content=\"Startseite - D&amp;F Vorderachsen Ehrengruber\" \/>\n<meta property=\"og:description\" content=\"Willkommen bei vorderachsen.at Der Vorderachsen Spezialist aus dem M\u00fchlviertel Ihr zuverl\u00e4ssiger Partner f\u00fcr Reparaturen und Ersatzteile. \u00dcber uns Zum Shop\" \/>\n<meta property=\"og:url\" content=\"https:\/\/www.vorderachsen.at\/de\/\" \/>\n<meta property=\"og:site_name\" content=\"D&amp;F Vorderachsen Ehrengruber\" \/>\n<meta property=\"article:modified_time\" content=\"2023-03-02T09:49:03+00:00\" \/>\n<meta name=\"twitter:card\" content=\"summary_large_image\" \/>\n<meta name=\"twitter:label1\" content=\"Gesch\u00e4tzte Lesezeit\" \/>\n\t<meta name=\"twitter:data1\" content=\"1\u00a0Minute\" \/>\n<script type=\"application\/ld+json\" class=\"yoast-schema-graph\">{\"@context\":\"https:\/\/schema.org\",\"@graph\":[{\"@type\":\"WebPage\",\"@id\":\"https:\/\/www.vorderachsen.at\/de\/\",\"url\":\"https:\/\/www.vorderachsen.at\/de\/\",\"name\":\"Startseite - D&amp;F Vorderachsen Ehrengruber\",\"isPartOf\":{\"@id\":\"https:\/\/www.vorderachsen.at\/de\/#website\"},\"datePublished\":\"2021-01-08T12:29:22+00:00\",\"dateModified\":\"2023-03-02T09:49:03+00:00\",\"breadcrumb\":{\"@id\":\"https:\/\/www.vorderachsen.at\/de\/#breadcrumb\"},\"inLanguage\":\"de\",\"potentialAction\":[{\"@type\":\"ReadAction\",\"target\":[\"https:\/\/www.vorderachsen.at\/de\/\"]}]},{\"@type\":\"BreadcrumbList\",\"@id\":\"https:\/\/www.vorderachsen.at\/de\/#breadcrumb\",\"itemListElement\":[{\"@type\":\"ListItem\",\"position\":1,\"name\":\"Startseite\",\"item\":\"https:\/\/www.vorderachsen.at\/de\/\"},{\"@type\":\"ListItem\",\"position\":2,\"name\":\"Startseite\"}]},{\"@type\":\"WebSite\",\"@id\":\"https:\/\/www.vorderachsen.at\/de\/#website\",\"url\":\"https:\/\/www.vorderachsen.at\/de\/\",\"name\":\"D&amp;F Vorderachsen Ehrengruber\",\"description\":\"\",\"potentialAction\":[{\"@type\":\"SearchAction\",\"target\":{\"@type\":\"EntryPoint\",\"urlTemplate\":\"https:\/\/www.vorderachsen.at\/de\/?s={search_term_string}\"},\"query-input\":{\"@type\":\"PropertyValueSpecification\",\"valueRequired\":true,\"valueName\":\"search_term_string\"}}],\"inLanguage\":\"de\"}]}<\/script>\n<!-- \/ Yoast SEO plugin. -->","yoast_head_json":{"title":"Startseite - D&amp;F Vorderachsen Ehrengruber","robots":{"index":"index","follow":"follow","max-snippet":"max-snippet:-1","max-image-preview":"max-image-preview:large","max-video-preview":"max-video-preview:-1"},"canonical":"https:\/\/www.vorderachsen.at\/de\/","og_locale":"de_DE","og_type":"article","og_title":"Startseite - D&amp;F Vorderachsen Ehrengruber","og_description":"Willkommen bei vorderachsen.at Der Vorderachsen Spezialist aus dem M\u00fchlviertel Ihr zuverl\u00e4ssiger Partner f\u00fcr Reparaturen und Ersatzteile. \u00dcber uns Zum Shop","og_url":"https:\/\/www.vorderachsen.at\/de\/","og_site_name":"D&amp;F Vorderachsen Ehrengruber","article_modified_time":"2023-03-02T09:49:03+00:00","twitter_card":"summary_large_image","twitter_misc":{"Gesch\u00e4tzte Lesezeit":"1\u00a0Minute"},"schema":{"@context":"https:\/\/schema.org","@graph":[{"@type":"WebPage","@id":"https:\/\/www.vorderachsen.at\/de\/","url":"https:\/\/www.vorderachsen.at\/de\/","name":"Startseite - D&amp;F Vorderachsen Ehrengruber","isPartOf":{"@id":"https:\/\/www.vorderachsen.at\/de\/#website"},"datePublished":"2021-01-08T12:29:22+00:00","dateModified":"2023-03-02T09:49:03+00:00","breadcrumb":{"@id":"https:\/\/www.vorderachsen.at\/de\/#breadcrumb"},"inLanguage":"de","potentialAction":[{"@type":"ReadAction","target":["https:\/\/www.vorderachsen.at\/de\/"]}]},{"@type":"BreadcrumbList","@id":"https:\/\/www.vorderachsen.at\/de\/#breadcrumb","itemListElement":[{"@type":"ListItem","position":1,"name":"Startseite","item":"https:\/\/www.vorderachsen.at\/de\/"},{"@type":"ListItem","position":2,"name":"Startseite"}]},{"@type":"WebSite","@id":"https:\/\/www.vorderachsen.at\/de\/#website","url":"https:\/\/www.vorderachsen.at\/de\/","name":"D&amp;F Vorderachsen Ehrengruber","description":"","potentialAction":[{"@type":"SearchAction","target":{"@type":"EntryPoint","urlTemplate":"https:\/\/www.vorderachsen.at\/de\/?s={search_term_string}"},"query-input":{"@type":"PropertyValueSpecification","valueRequired":true,"valueName":"search_term_string"}}],"inLanguage":"de"}]}},"_links":{"self":[{"href":"https:\/\/www.vorderachsen.at\/de\/wp-json\/wp\/v2\/pages\/173","targetHints":{"allow":["GET"]}}],"collection":[{"href":"https:\/\/www.vorderachsen.at\/de\/wp-json\/wp\/v2\/pages"}],"about":[{"href":"https:\/\/www.vorderachsen.at\/de\/wp-json\/wp\/v2\/types\/page"}],"author":[{"embeddable":true,"href":"https:\/\/www.vorderachsen.at\/de\/wp-json\/wp\/v2\/users\/1"}],"replies":[{"embeddable":true,"href":"https:\/\/www.vorderachsen.at\/de\/wp-json\/wp\/v2\/comments?post=173"}],"version-history":[{"count":12,"href":"https:\/\/www.vorderachsen.at\/de\/wp-json\/wp\/v2\/pages\/173\/revisions"}],"predecessor-version":[{"id":1284,"href":"https:\/\/www.vorderachsen.at\/de\/wp-json\/wp\/v2\/pages\/173\/revisions\/1284"}],"wp:attachment":[{"href":"https:\/\/www.vorderachsen.at\/de\/wp-json\/wp\/v2\/media?parent=173"}],"curies":[{"name":"wp","href":"https:\/\/api.w.org\/{rel}","templated":true}]}}