{"id":250,"date":"2021-01-13T12:15:58","date_gmt":"2021-01-13T11:15:58","guid":{"rendered":"http:\/\/neu.vorderachsen.at\/?page_id=250"},"modified":"2021-04-30T12:49:35","modified_gmt":"2021-04-30T10:49:35","slug":"vorderachse-tauschen","status":"publish","type":"page","link":"https:\/\/www.vorderachsen.at\/de\/service-reparatur\/vorderachse-tauschen\/","title":{"rendered":"Vorderachse tauschen\/reparieren\/\u00fcberarbeiten"},"content":{"rendered":"\n<p><strong>Wir sind spezialisiert auf Carraro Achsen aber gerne auch andere ausgeschlagene Achsen und Achsteile!<\/strong><\/p>\n\n\n\n<!--more-->\n\n\n\n<h3 class=\"wp-block-heading\">Vorderachse reparieren und \u00fcberarbeiten<\/h3>\n\n\n\n<p>Beim \u00dcberarbeiten einer Vorderachse wird die Achse komplett in ihre Einzelteile zerlegt, alle Dichtungen und Gleitlager werden erneuert und alle Teile werden begutachtet, vermessen und bei Bedarf erneuert bzw. repariert.<\/p>\n\n\n\n<p>Gerne \u00fcberarbeiten und reparieren wir Ihre Achse nach Aufwand.<\/p>\n\n\n\n<h3 class=\"wp-block-heading\">Vorderachse tauschen<\/h3>\n\n\n\n<p>Als Alternative zur Reparatur der Vorderachse bieten wir aufbereitete Vorderachsen im Tausch zum Bestpreis von ca. 6000\u20ac (Richtpreis). Bei uns sind immer passende Vorderachsen (Carraro 2019si, Carraro 2025s) zum Tausch auf Lager und k\u00f6nnen innerhalb von zwei Wochen getauscht werden.<\/p>\n\n\n\n<p>Carraro Achse &#8222;gro\u00df&#8220; 2029si verbaut im Steyr CVT, Case CVX und New Holland TVT.<\/p>\n\n\n\n<p>Carraro Achse &#8222;klein&#8220; 2025 verbaut bis 160PS im Steyr CVT, Case CVX und New Holland TVT<\/p>\n\n\n\n<p><\/p>\n\n\n\n<figure class=\"wp-block-gallery columns-3 is-cropped wp-block-gallery-1 is-layout-flex wp-block-gallery-is-layout-flex\"><ul class=\"blocks-gallery-grid\"><li class=\"blocks-gallery-item\"><figure><img loading=\"lazy\" decoding=\"async\" width=\"1024\" height=\"685\" src=\"https:\/\/www.vorderachsen.at\/wp-content\/uploads\/2021\/01\/DSC09190-1024x685.jpg\" alt=\"\" data-id=\"347\" data-full-url=\"https:\/\/www.vorderachsen.at\/wp-content\/uploads\/2021\/01\/DSC09190-scaled.jpg\" data-link=\"https:\/\/www.vorderachsen.at\/service-reparatur\/vorderachse-tauschen\/sony-dsc-3\/\" class=\"wp-image-347\" srcset=\"https:\/\/www.vorderachsen.at\/wp-content\/uploads\/2021\/01\/DSC09190-1024x685.jpg 1024w, https:\/\/www.vorderachsen.at\/wp-content\/uploads\/2021\/01\/DSC09190-600x402.jpg 600w, https:\/\/www.vorderachsen.at\/wp-content\/uploads\/2021\/01\/DSC09190-300x201.jpg 300w, https:\/\/www.vorderachsen.at\/wp-content\/uploads\/2021\/01\/DSC09190-768x514.jpg 768w, https:\/\/www.vorderachsen.at\/wp-content\/uploads\/2021\/01\/DSC09190-1536x1028.jpg 1536w, https:\/\/www.vorderachsen.at\/wp-content\/uploads\/2021\/01\/DSC09190-2048x1371.jpg 2048w, https:\/\/www.vorderachsen.at\/wp-content\/uploads\/2021\/01\/DSC09190-1800x1205.jpg 1800w\" sizes=\"auto, (max-width: 1024px) 100vw, 1024px\" \/><\/figure><\/li><li class=\"blocks-gallery-item\"><figure><img loading=\"lazy\" decoding=\"async\" width=\"1024\" height=\"563\" src=\"https:\/\/www.vorderachsen.at\/wp-content\/uploads\/2021\/01\/DSC09191-1024x563.jpg\" alt=\"\" data-id=\"349\" data-full-url=\"https:\/\/www.vorderachsen.at\/wp-content\/uploads\/2021\/01\/DSC09191-scaled.jpg\" data-link=\"https:\/\/www.vorderachsen.at\/service-reparatur\/vorderachse-tauschen\/sony-dsc-4\/\" class=\"wp-image-349\" srcset=\"https:\/\/www.vorderachsen.at\/wp-content\/uploads\/2021\/01\/DSC09191-1024x563.jpg 1024w, https:\/\/www.vorderachsen.at\/wp-content\/uploads\/2021\/01\/DSC09191-600x330.jpg 600w, https:\/\/www.vorderachsen.at\/wp-content\/uploads\/2021\/01\/DSC09191-300x165.jpg 300w, https:\/\/www.vorderachsen.at\/wp-content\/uploads\/2021\/01\/DSC09191-768x422.jpg 768w, https:\/\/www.vorderachsen.at\/wp-content\/uploads\/2021\/01\/DSC09191-1536x845.jpg 1536w, https:\/\/www.vorderachsen.at\/wp-content\/uploads\/2021\/01\/DSC09191-2048x1126.jpg 2048w, https:\/\/www.vorderachsen.at\/wp-content\/uploads\/2021\/01\/DSC09191-1800x990.jpg 1800w\" sizes=\"auto, (max-width: 1024px) 100vw, 1024px\" \/><\/figure><\/li><li class=\"blocks-gallery-item\"><figure><img loading=\"lazy\" decoding=\"async\" width=\"1024\" height=\"686\" src=\"https:\/\/www.vorderachsen.at\/wp-content\/uploads\/2021\/01\/DSC09196-1024x686.jpg\" alt=\"\" data-id=\"351\" data-full-url=\"https:\/\/www.vorderachsen.at\/wp-content\/uploads\/2021\/01\/DSC09196-scaled.jpg\" data-link=\"https:\/\/www.vorderachsen.at\/service-reparatur\/vorderachse-tauschen\/sony-dsc-5\/\" class=\"wp-image-351\" srcset=\"https:\/\/www.vorderachsen.at\/wp-content\/uploads\/2021\/01\/DSC09196-1024x686.jpg 1024w, https:\/\/www.vorderachsen.at\/wp-content\/uploads\/2021\/01\/DSC09196-600x402.jpg 600w, https:\/\/www.vorderachsen.at\/wp-content\/uploads\/2021\/01\/DSC09196-300x201.jpg 300w, https:\/\/www.vorderachsen.at\/wp-content\/uploads\/2021\/01\/DSC09196-768x514.jpg 768w, https:\/\/www.vorderachsen.at\/wp-content\/uploads\/2021\/01\/DSC09196-1536x1028.jpg 1536w, https:\/\/www.vorderachsen.at\/wp-content\/uploads\/2021\/01\/DSC09196-2048x1371.jpg 2048w, https:\/\/www.vorderachsen.at\/wp-content\/uploads\/2021\/01\/DSC09196-1800x1205.jpg 1800w\" sizes=\"auto, (max-width: 1024px) 100vw, 1024px\" \/><\/figure><\/li><li class=\"blocks-gallery-item\"><figure><img loading=\"lazy\" decoding=\"async\" width=\"1024\" height=\"696\" src=\"https:\/\/www.vorderachsen.at\/wp-content\/uploads\/2021\/01\/DSC09197-1024x696.jpg\" alt=\"\" data-id=\"353\" data-full-url=\"https:\/\/www.vorderachsen.at\/wp-content\/uploads\/2021\/01\/DSC09197-scaled.jpg\" data-link=\"https:\/\/www.vorderachsen.at\/service-reparatur\/vorderachse-tauschen\/sony-dsc-6\/\" class=\"wp-image-353\" srcset=\"https:\/\/www.vorderachsen.at\/wp-content\/uploads\/2021\/01\/DSC09197-1024x696.jpg 1024w, https:\/\/www.vorderachsen.at\/wp-content\/uploads\/2021\/01\/DSC09197-600x408.jpg 600w, https:\/\/www.vorderachsen.at\/wp-content\/uploads\/2021\/01\/DSC09197-300x204.jpg 300w, https:\/\/www.vorderachsen.at\/wp-content\/uploads\/2021\/01\/DSC09197-768x522.jpg 768w, https:\/\/www.vorderachsen.at\/wp-content\/uploads\/2021\/01\/DSC09197-1536x1045.jpg 1536w, https:\/\/www.vorderachsen.at\/wp-content\/uploads\/2021\/01\/DSC09197-2048x1393.jpg 2048w, https:\/\/www.vorderachsen.at\/wp-content\/uploads\/2021\/01\/DSC09197-1800x1224.jpg 1800w\" sizes=\"auto, (max-width: 1024px) 100vw, 1024px\" \/><\/figure><\/li><\/ul><\/figure>\n","protected":false},"excerpt":{"rendered":"<p>Wir sind spezialisiert auf Carraro Achsen aber gerne auch andere ausgeschlagene Achsen und Achsteile!<\/p>\n","protected":false},"author":1,"featured_media":0,"parent":155,"menu_order":0,"comment_status":"closed","ping_status":"closed","template":"","meta":{"_acf_changed":false,"footnotes":""},"class_list":["post-250","page","type-page","status-publish","hentry"],"acf":[],"yoast_head":"<!-- This site is optimized with the Yoast SEO plugin v26.4 - https:\/\/yoast.com\/wordpress\/plugins\/seo\/ -->\n<title>Vorderachse tauschen\/reparieren\/\u00fcberarbeiten - D&amp;F Vorderachsen Ehrengruber<\/title>\n<meta name=\"description\" content=\"Carraro Vorderachse reparieren, \u00fcberarbeiten oder tauschen. Wir sind der Spezialist f\u00fcr Carraro Achsen. Passende Tausch-Achsen immer lagernd.\" \/>\n<meta name=\"robots\" content=\"index, follow, max-snippet:-1, max-image-preview:large, max-video-preview:-1\" \/>\n<link rel=\"canonical\" href=\"https:\/\/www.vorderachsen.at\/de\/service-reparatur\/vorderachse-tauschen\/\" \/>\n<meta property=\"og:locale\" content=\"de_DE\" \/>\n<meta property=\"og:type\" content=\"article\" \/>\n<meta property=\"og:title\" content=\"Vorderachse tauschen\/reparieren\/\u00fcberarbeiten - D&amp;F Vorderachsen Ehrengruber\" \/>\n<meta property=\"og:description\" content=\"Carraro Vorderachse reparieren, \u00fcberarbeiten oder tauschen. Wir sind der Spezialist f\u00fcr Carraro Achsen. Passende Tausch-Achsen immer lagernd.\" \/>\n<meta property=\"og:url\" content=\"https:\/\/www.vorderachsen.at\/de\/service-reparatur\/vorderachse-tauschen\/\" \/>\n<meta property=\"og:site_name\" content=\"D&amp;F Vorderachsen Ehrengruber\" \/>\n<meta property=\"article:modified_time\" content=\"2021-04-30T10:49:35+00:00\" \/>\n<meta property=\"og:image\" content=\"https:\/\/www.vorderachsen.at\/wp-content\/uploads\/2021\/01\/DSC09190-1024x685.jpg\" \/>\n<meta name=\"twitter:card\" content=\"summary_large_image\" \/>\n<meta name=\"twitter:label1\" content=\"Gesch\u00e4tzte Lesezeit\" \/>\n\t<meta name=\"twitter:data1\" content=\"2\u00a0Minuten\" \/>\n<script type=\"application\/ld+json\" class=\"yoast-schema-graph\">{\"@context\":\"https:\/\/schema.org\",\"@graph\":[{\"@type\":\"WebPage\",\"@id\":\"https:\/\/www.vorderachsen.at\/de\/service-reparatur\/vorderachse-tauschen\/\",\"url\":\"https:\/\/www.vorderachsen.at\/de\/service-reparatur\/vorderachse-tauschen\/\",\"name\":\"Vorderachse tauschen\/reparieren\/\u00fcberarbeiten - D&amp;F Vorderachsen Ehrengruber\",\"isPartOf\":{\"@id\":\"https:\/\/www.vorderachsen.at\/de\/#website\"},\"primaryImageOfPage\":{\"@id\":\"https:\/\/www.vorderachsen.at\/de\/service-reparatur\/vorderachse-tauschen\/#primaryimage\"},\"image\":{\"@id\":\"https:\/\/www.vorderachsen.at\/de\/service-reparatur\/vorderachse-tauschen\/#primaryimage\"},\"thumbnailUrl\":\"https:\/\/www.vorderachsen.at\/wp-content\/uploads\/2021\/01\/DSC09190-1024x685.jpg\",\"datePublished\":\"2021-01-13T11:15:58+00:00\",\"dateModified\":\"2021-04-30T10:49:35+00:00\",\"description\":\"Carraro Vorderachse reparieren, \u00fcberarbeiten oder tauschen. Wir sind der Spezialist f\u00fcr Carraro Achsen. Passende Tausch-Achsen immer lagernd.\",\"breadcrumb\":{\"@id\":\"https:\/\/www.vorderachsen.at\/de\/service-reparatur\/vorderachse-tauschen\/#breadcrumb\"},\"inLanguage\":\"de\",\"potentialAction\":[{\"@type\":\"ReadAction\",\"target\":[\"https:\/\/www.vorderachsen.at\/de\/service-reparatur\/vorderachse-tauschen\/\"]}]},{\"@type\":\"ImageObject\",\"inLanguage\":\"de\",\"@id\":\"https:\/\/www.vorderachsen.at\/de\/service-reparatur\/vorderachse-tauschen\/#primaryimage\",\"url\":\"https:\/\/www.vorderachsen.at\/wp-content\/uploads\/2021\/01\/DSC09190-1024x685.jpg\",\"contentUrl\":\"https:\/\/www.vorderachsen.at\/wp-content\/uploads\/2021\/01\/DSC09190-1024x685.jpg\"},{\"@type\":\"BreadcrumbList\",\"@id\":\"https:\/\/www.vorderachsen.at\/de\/service-reparatur\/vorderachse-tauschen\/#breadcrumb\",\"itemListElement\":[{\"@type\":\"ListItem\",\"position\":1,\"name\":\"Startseite\",\"item\":\"https:\/\/www.vorderachsen.at\/de\/\"},{\"@type\":\"ListItem\",\"position\":2,\"name\":\"Service &#038; Reparatur\",\"item\":\"https:\/\/www.vorderachsen.at\/de\/service-reparatur\/\"},{\"@type\":\"ListItem\",\"position\":3,\"name\":\"Vorderachse tauschen\/reparieren\/\u00fcberarbeiten\"}]},{\"@type\":\"WebSite\",\"@id\":\"https:\/\/www.vorderachsen.at\/de\/#website\",\"url\":\"https:\/\/www.vorderachsen.at\/de\/\",\"name\":\"D&amp;F Vorderachsen Ehrengruber\",\"description\":\"\",\"potentialAction\":[{\"@type\":\"SearchAction\",\"target\":{\"@type\":\"EntryPoint\",\"urlTemplate\":\"https:\/\/www.vorderachsen.at\/de\/?s={search_term_string}\"},\"query-input\":{\"@type\":\"PropertyValueSpecification\",\"valueRequired\":true,\"valueName\":\"search_term_string\"}}],\"inLanguage\":\"de\"}]}<\/script>\n<!-- \/ Yoast SEO plugin. -->","yoast_head_json":{"title":"Vorderachse tauschen\/reparieren\/\u00fcberarbeiten - D&amp;F Vorderachsen Ehrengruber","description":"Carraro Vorderachse reparieren, \u00fcberarbeiten oder tauschen. Wir sind der Spezialist f\u00fcr Carraro Achsen. Passende Tausch-Achsen immer lagernd.","robots":{"index":"index","follow":"follow","max-snippet":"max-snippet:-1","max-image-preview":"max-image-preview:large","max-video-preview":"max-video-preview:-1"},"canonical":"https:\/\/www.vorderachsen.at\/de\/service-reparatur\/vorderachse-tauschen\/","og_locale":"de_DE","og_type":"article","og_title":"Vorderachse tauschen\/reparieren\/\u00fcberarbeiten - D&amp;F Vorderachsen Ehrengruber","og_description":"Carraro Vorderachse reparieren, \u00fcberarbeiten oder tauschen. Wir sind der Spezialist f\u00fcr Carraro Achsen. Passende Tausch-Achsen immer lagernd.","og_url":"https:\/\/www.vorderachsen.at\/de\/service-reparatur\/vorderachse-tauschen\/","og_site_name":"D&amp;F Vorderachsen Ehrengruber","article_modified_time":"2021-04-30T10:49:35+00:00","og_image":[{"url":"https:\/\/www.vorderachsen.at\/wp-content\/uploads\/2021\/01\/DSC09190-1024x685.jpg","type":"","width":"","height":""}],"twitter_card":"summary_large_image","twitter_misc":{"Gesch\u00e4tzte Lesezeit":"2\u00a0Minuten"},"schema":{"@context":"https:\/\/schema.org","@graph":[{"@type":"WebPage","@id":"https:\/\/www.vorderachsen.at\/de\/service-reparatur\/vorderachse-tauschen\/","url":"https:\/\/www.vorderachsen.at\/de\/service-reparatur\/vorderachse-tauschen\/","name":"Vorderachse tauschen\/reparieren\/\u00fcberarbeiten - D&amp;F Vorderachsen Ehrengruber","isPartOf":{"@id":"https:\/\/www.vorderachsen.at\/de\/#website"},"primaryImageOfPage":{"@id":"https:\/\/www.vorderachsen.at\/de\/service-reparatur\/vorderachse-tauschen\/#primaryimage"},"image":{"@id":"https:\/\/www.vorderachsen.at\/de\/service-reparatur\/vorderachse-tauschen\/#primaryimage"},"thumbnailUrl":"https:\/\/www.vorderachsen.at\/wp-content\/uploads\/2021\/01\/DSC09190-1024x685.jpg","datePublished":"2021-01-13T11:15:58+00:00","dateModified":"2021-04-30T10:49:35+00:00","description":"Carraro Vorderachse reparieren, \u00fcberarbeiten oder tauschen. Wir sind der Spezialist f\u00fcr Carraro Achsen. Passende Tausch-Achsen immer lagernd.","breadcrumb":{"@id":"https:\/\/www.vorderachsen.at\/de\/service-reparatur\/vorderachse-tauschen\/#breadcrumb"},"inLanguage":"de","potentialAction":[{"@type":"ReadAction","target":["https:\/\/www.vorderachsen.at\/de\/service-reparatur\/vorderachse-tauschen\/"]}]},{"@type":"ImageObject","inLanguage":"de","@id":"https:\/\/www.vorderachsen.at\/de\/service-reparatur\/vorderachse-tauschen\/#primaryimage","url":"https:\/\/www.vorderachsen.at\/wp-content\/uploads\/2021\/01\/DSC09190-1024x685.jpg","contentUrl":"https:\/\/www.vorderachsen.at\/wp-content\/uploads\/2021\/01\/DSC09190-1024x685.jpg"},{"@type":"BreadcrumbList","@id":"https:\/\/www.vorderachsen.at\/de\/service-reparatur\/vorderachse-tauschen\/#breadcrumb","itemListElement":[{"@type":"ListItem","position":1,"name":"Startseite","item":"https:\/\/www.vorderachsen.at\/de\/"},{"@type":"ListItem","position":2,"name":"Service &#038; Reparatur","item":"https:\/\/www.vorderachsen.at\/de\/service-reparatur\/"},{"@type":"ListItem","position":3,"name":"Vorderachse tauschen\/reparieren\/\u00fcberarbeiten"}]},{"@type":"WebSite","@id":"https:\/\/www.vorderachsen.at\/de\/#website","url":"https:\/\/www.vorderachsen.at\/de\/","name":"D&amp;F Vorderachsen Ehrengruber","description":"","potentialAction":[{"@type":"SearchAction","target":{"@type":"EntryPoint","urlTemplate":"https:\/\/www.vorderachsen.at\/de\/?s={search_term_string}"},"query-input":{"@type":"PropertyValueSpecification","valueRequired":true,"valueName":"search_term_string"}}],"inLanguage":"de"}]}},"_links":{"self":[{"href":"https:\/\/www.vorderachsen.at\/de\/wp-json\/wp\/v2\/pages\/250","targetHints":{"allow":["GET"]}}],"collection":[{"href":"https:\/\/www.vorderachsen.at\/de\/wp-json\/wp\/v2\/pages"}],"about":[{"href":"https:\/\/www.vorderachsen.at\/de\/wp-json\/wp\/v2\/types\/page"}],"author":[{"embeddable":true,"href":"https:\/\/www.vorderachsen.at\/de\/wp-json\/wp\/v2\/users\/1"}],"replies":[{"embeddable":true,"href":"https:\/\/www.vorderachsen.at\/de\/wp-json\/wp\/v2\/comments?post=250"}],"version-history":[{"count":8,"href":"https:\/\/www.vorderachsen.at\/de\/wp-json\/wp\/v2\/pages\/250\/revisions"}],"predecessor-version":[{"id":1168,"href":"https:\/\/www.vorderachsen.at\/de\/wp-json\/wp\/v2\/pages\/250\/revisions\/1168"}],"up":[{"embeddable":true,"href":"https:\/\/www.vorderachsen.at\/de\/wp-json\/wp\/v2\/pages\/155"}],"wp:attachment":[{"href":"https:\/\/www.vorderachsen.at\/de\/wp-json\/wp\/v2\/media?parent=250"}],"curies":[{"name":"wp","href":"https:\/\/api.w.org\/{rel}","templated":true}]}}