{"id":3,"date":"2020-09-15T17:35:10","date_gmt":"2020-09-15T15:35:10","guid":{"rendered":"http:\/\/neu.vorderachsen.at\/?page_id=3"},"modified":"2021-02-17T16:11:01","modified_gmt":"2021-02-17T15:11:01","slug":"datenschutz","status":"publish","type":"page","link":"https:\/\/www.vorderachsen.at\/de\/datenschutz\/","title":{"rendered":"Datenschutz"},"content":{"rendered":"\n<h3 class=\"wp-block-heading\">Wer wir sind<\/h3>\n\n\n\n<p>Die Adresse unserer Website ist: https:\/\/www.vorderachsen.at.<\/p>\n\n\n\n<p>Datenschutzverantwortlicher:<\/p>\n\n\n\n<p><strong>Ehrengruber Kurt<br><\/strong>Krondorf 8, 4152 H\u00f6rbich<br>+436644119968 | office@vorderachsen.at<\/p>\n\n\n\n<h3 class=\"wp-block-heading\">Welche personenbezogenen Daten wir sammeln und warum wir sie sammeln<\/h3>\n\n\n\n<h3 class=\"wp-block-heading\">Medien<\/h3>\n\n\n\n<p>Wenn du ein registrierter Benutzer bist und Fotos auf diese Website l\u00e4dst, solltest du vermeiden, Fotos mit einem EXIF-GPS-Standort hochzuladen. Besucher dieser Website k\u00f6nnten Fotos, die auf dieser Website gespeichert sind, herunterladen und deren Standort-Informationen extrahieren.<\/p>\n\n\n\n<h3 class=\"wp-block-heading\">Kontaktformulare<\/h3>\n\n\n\n<p>Bei der Kontaktaufnahme \u00fcber unsere Webformulare werden Ihre Angaben zum Zweck der Bearbeitung Ihrer Anfrage gespeichert.<\/p>\n\n\n\n<h3 class=\"wp-block-heading\">Cookies<\/h3>\n\n\n\n<p>Falls du ein Konto hast und dich auf dieser Website anmeldest, werden wir ein tempor\u00e4res Cookie setzen, um festzustellen, ob dein Browser Cookies akzeptiert. Dieses Cookie enth\u00e4lt keine personenbezogenen Daten und wird verworfen, wenn du deinen Browser schlie\u00dft.<\/p>\n\n\n\n<p>Wenn du dich anmeldest, werden wir einige Cookies einrichten, um deine Anmeldeinformationen und Anzeigeoptionen zu speichern. Anmelde-Cookies verfallen nach zwei Tagen und Cookies f\u00fcr die Anzeigeoptionen nach einem Jahr. Falls du bei der Anmeldung \u201eAngemeldet bleiben\u201c ausw\u00e4hlst, wird deine Anmeldung zwei Wochen lang aufrechterhalten. Mit der Abmeldung aus deinem Konto werden die Anmelde-Cookies gel\u00f6scht.<\/p>\n\n\n\n<p>Wenn du einen Artikel bearbeitest oder ver\u00f6ffentlichst, wird ein zus\u00e4tzlicher Cookie in deinem Browser gespeichert. Dieser Cookie enth\u00e4lt keine personenbezogenen Daten und verweist nur auf die Beitrags-ID des Artikels, den du gerade bearbeitet hast. Der Cookie verf\u00e4llt nach einem Tag.<\/p>\n\n\n\n<h3 class=\"wp-block-heading\">Eingebettete Inhalte von anderen Websites<\/h3>\n\n\n\n<p>Beitr\u00e4ge auf dieser Website k\u00f6nnen eingebettete Inhalte beinhalten (z.&nbsp;B. Videos, Bilder, Beitr\u00e4ge etc.). Eingebettete Inhalte von anderen Websites verhalten sich exakt so, als ob der Besucher die andere Website besucht h\u00e4tte.<\/p>\n\n\n\n<p>Diese Websites k\u00f6nnen Daten \u00fcber dich sammeln, Cookies benutzen, zus\u00e4tzliche Tracking-Dienste von Dritten einbetten und deine Interaktion mit diesem eingebetteten Inhalt aufzeichnen, inklusive deiner Interaktion mit dem eingebetteten Inhalt, falls du ein Konto hast und auf dieser Website angemeldet bist.<\/p>\n\n\n\n<h3 class=\"wp-block-heading\">Analysedienste<\/h3>\n\n\n\n<p>Auf unserer Website werden Webanalyse Dienste von Google (Google Analytics) genutzt, welche unter Umst\u00e4nden Cookies auf Ihrem PC abspeichern um die Seitenzugriffe auszuwerten. Erfasst werden beispielsweise Informationen zum Betriebssystem, zum Browser, die IP-Adresse, die zuvor aufgerufene Webseite (Referrer-URL) und Datum und Uhrzeit des Besuchs unserer Webseite. Die gesammelten Informationen \u00fcber die Benutzung unserer Webseite werden an einen Server von Google in den USA \u00fcbertragen und dort gespeichert. Google wird diese Information benutzen, um die Nutzung unserer Webseite auszuwerten, um Reports \u00fcber die Webseitenaktivit\u00e4t f\u00fcr uns zusammen zu stellen und um weitere mit der Webseitennutzung und der Internetnutzung verbundenen Dienstleistungen zu erbringen. Sie k\u00f6nnen die Datenverarbeitung durch Google Analytics verhindern &#8211; mehr dazu unter:&nbsp;<a href=\"http:\/\/tools.google.com\/dlpage\/gaoptout?hl=de\" target=\"_blank\" rel=\"noreferrer noopener\">http:\/\/tools.google.com\/dlpage\/gaoptout?hl=de<\/a>.<\/p>\n\n\n\n<p>Zum Schutz Ihrer Daten haben wir f\u00fcr Google Analytics die Funktion &#8222;IP Anonymisierung&#8220; aktiviert. Dadurch wird Ihre IP Adresse nur gek\u00fcrzt von Google verarbeitet.<\/p>\n\n\n\n<h3 class=\"wp-block-heading\">Wie lange wir deine Daten speichern<\/h3>\n\n\n\n<p>F\u00fcr Benutzer, die sich auf unserer Website registrieren, speichern wir zus\u00e4tzlich die pers\u00f6nlichen Informationen, die sie in ihren Benutzerprofilen angeben. Alle Benutzer k\u00f6nnen jederzeit ihre pers\u00f6nlichen Informationen einsehen, ver\u00e4ndern oder l\u00f6schen (der Benutzername kann nicht ver\u00e4ndert werden). Administratoren der Website k\u00f6nnen diese Informationen ebenfalls einsehen und ver\u00e4ndern.<\/p>\n\n\n\n<h3 class=\"wp-block-heading\">Welche Rechte du an deinen Daten hast<\/h3>\n\n\n\n<p>Wenn du ein Konto auf dieser Website besitzt oder Kommentare geschrieben hast, kannst du einen Export deiner personenbezogenen Daten bei uns anfordern, inklusive aller Daten, die du uns mitgeteilt hast. Dar\u00fcber hinaus kannst du die L\u00f6schung aller personenbezogenen Daten, die wir von dir gespeichert haben, anfordern. Dies umfasst nicht die Daten, die wir aufgrund administrativer, rechtlicher oder sicherheitsrelevanter Notwendigkeiten aufbewahren m\u00fcssen.<\/p>\n","protected":false},"excerpt":{"rendered":"<p>Wer wir sind Die Adresse unserer Website ist: https:\/\/www.vorderachsen.at. Datenschutzverantwortlicher: Ehrengruber KurtKrondorf 8, 4152 H\u00f6rbich+436644119968 | office@vorderachsen.at Welche personenbezogenen Daten wir sammeln und warum wir sie sammeln Medien Wenn du ein registrierter Benutzer bist und Fotos auf diese Website l\u00e4dst, solltest du vermeiden, Fotos mit einem EXIF-GPS-Standort hochzuladen. Besucher dieser Website k\u00f6nnten Fotos, die auf [&hellip;]<\/p>\n","protected":false},"author":1,"featured_media":0,"parent":0,"menu_order":0,"comment_status":"closed","ping_status":"closed","template":"","meta":{"_acf_changed":false,"footnotes":""},"class_list":["post-3","page","type-page","status-publish","hentry"],"acf":[],"yoast_head":"<!-- This site is optimized with the Yoast SEO plugin v26.4 - https:\/\/yoast.com\/wordpress\/plugins\/seo\/ -->\n<title>Datenschutz - D&amp;F Vorderachsen Ehrengruber<\/title>\n<meta name=\"robots\" content=\"index, follow, max-snippet:-1, max-image-preview:large, max-video-preview:-1\" \/>\n<link rel=\"canonical\" href=\"https:\/\/www.vorderachsen.at\/de\/datenschutz\/\" \/>\n<meta property=\"og:locale\" content=\"de_DE\" \/>\n<meta property=\"og:type\" content=\"article\" \/>\n<meta property=\"og:title\" content=\"Datenschutz - D&amp;F Vorderachsen Ehrengruber\" \/>\n<meta property=\"og:description\" content=\"Wer wir sind Die Adresse unserer Website ist: https:\/\/www.vorderachsen.at. Datenschutzverantwortlicher: Ehrengruber KurtKrondorf 8, 4152 H\u00f6rbich+436644119968 | office@vorderachsen.at Welche personenbezogenen Daten wir sammeln und warum wir sie sammeln Medien Wenn du ein registrierter Benutzer bist und Fotos auf diese Website l\u00e4dst, solltest du vermeiden, Fotos mit einem EXIF-GPS-Standort hochzuladen. Besucher dieser Website k\u00f6nnten Fotos, die auf [&hellip;]\" \/>\n<meta property=\"og:url\" content=\"https:\/\/www.vorderachsen.at\/de\/datenschutz\/\" \/>\n<meta property=\"og:site_name\" content=\"D&amp;F Vorderachsen Ehrengruber\" \/>\n<meta property=\"article:modified_time\" content=\"2021-02-17T15:11:01+00:00\" \/>\n<meta name=\"twitter:card\" content=\"summary_large_image\" \/>\n<meta name=\"twitter:label1\" content=\"Gesch\u00e4tzte Lesezeit\" \/>\n\t<meta name=\"twitter:data1\" content=\"3\u00a0Minuten\" \/>\n<script type=\"application\/ld+json\" class=\"yoast-schema-graph\">{\"@context\":\"https:\/\/schema.org\",\"@graph\":[{\"@type\":\"WebPage\",\"@id\":\"https:\/\/www.vorderachsen.at\/de\/datenschutz\/\",\"url\":\"https:\/\/www.vorderachsen.at\/de\/datenschutz\/\",\"name\":\"Datenschutz - D&amp;F Vorderachsen Ehrengruber\",\"isPartOf\":{\"@id\":\"https:\/\/www.vorderachsen.at\/de\/#website\"},\"datePublished\":\"2020-09-15T15:35:10+00:00\",\"dateModified\":\"2021-02-17T15:11:01+00:00\",\"breadcrumb\":{\"@id\":\"https:\/\/www.vorderachsen.at\/de\/datenschutz\/#breadcrumb\"},\"inLanguage\":\"de\",\"potentialAction\":[{\"@type\":\"ReadAction\",\"target\":[\"https:\/\/www.vorderachsen.at\/de\/datenschutz\/\"]}]},{\"@type\":\"BreadcrumbList\",\"@id\":\"https:\/\/www.vorderachsen.at\/de\/datenschutz\/#breadcrumb\",\"itemListElement\":[{\"@type\":\"ListItem\",\"position\":1,\"name\":\"Startseite\",\"item\":\"https:\/\/www.vorderachsen.at\/de\/\"},{\"@type\":\"ListItem\",\"position\":2,\"name\":\"Datenschutz\"}]},{\"@type\":\"WebSite\",\"@id\":\"https:\/\/www.vorderachsen.at\/de\/#website\",\"url\":\"https:\/\/www.vorderachsen.at\/de\/\",\"name\":\"D&amp;F Vorderachsen Ehrengruber\",\"description\":\"\",\"potentialAction\":[{\"@type\":\"SearchAction\",\"target\":{\"@type\":\"EntryPoint\",\"urlTemplate\":\"https:\/\/www.vorderachsen.at\/de\/?s={search_term_string}\"},\"query-input\":{\"@type\":\"PropertyValueSpecification\",\"valueRequired\":true,\"valueName\":\"search_term_string\"}}],\"inLanguage\":\"de\"}]}<\/script>\n<!-- \/ Yoast SEO plugin. -->","yoast_head_json":{"title":"Datenschutz - D&amp;F Vorderachsen Ehrengruber","robots":{"index":"index","follow":"follow","max-snippet":"max-snippet:-1","max-image-preview":"max-image-preview:large","max-video-preview":"max-video-preview:-1"},"canonical":"https:\/\/www.vorderachsen.at\/de\/datenschutz\/","og_locale":"de_DE","og_type":"article","og_title":"Datenschutz - D&amp;F Vorderachsen Ehrengruber","og_description":"Wer wir sind Die Adresse unserer Website ist: https:\/\/www.vorderachsen.at. Datenschutzverantwortlicher: Ehrengruber KurtKrondorf 8, 4152 H\u00f6rbich+436644119968 | office@vorderachsen.at Welche personenbezogenen Daten wir sammeln und warum wir sie sammeln Medien Wenn du ein registrierter Benutzer bist und Fotos auf diese Website l\u00e4dst, solltest du vermeiden, Fotos mit einem EXIF-GPS-Standort hochzuladen. Besucher dieser Website k\u00f6nnten Fotos, die auf [&hellip;]","og_url":"https:\/\/www.vorderachsen.at\/de\/datenschutz\/","og_site_name":"D&amp;F Vorderachsen Ehrengruber","article_modified_time":"2021-02-17T15:11:01+00:00","twitter_card":"summary_large_image","twitter_misc":{"Gesch\u00e4tzte Lesezeit":"3\u00a0Minuten"},"schema":{"@context":"https:\/\/schema.org","@graph":[{"@type":"WebPage","@id":"https:\/\/www.vorderachsen.at\/de\/datenschutz\/","url":"https:\/\/www.vorderachsen.at\/de\/datenschutz\/","name":"Datenschutz - D&amp;F Vorderachsen Ehrengruber","isPartOf":{"@id":"https:\/\/www.vorderachsen.at\/de\/#website"},"datePublished":"2020-09-15T15:35:10+00:00","dateModified":"2021-02-17T15:11:01+00:00","breadcrumb":{"@id":"https:\/\/www.vorderachsen.at\/de\/datenschutz\/#breadcrumb"},"inLanguage":"de","potentialAction":[{"@type":"ReadAction","target":["https:\/\/www.vorderachsen.at\/de\/datenschutz\/"]}]},{"@type":"BreadcrumbList","@id":"https:\/\/www.vorderachsen.at\/de\/datenschutz\/#breadcrumb","itemListElement":[{"@type":"ListItem","position":1,"name":"Startseite","item":"https:\/\/www.vorderachsen.at\/de\/"},{"@type":"ListItem","position":2,"name":"Datenschutz"}]},{"@type":"WebSite","@id":"https:\/\/www.vorderachsen.at\/de\/#website","url":"https:\/\/www.vorderachsen.at\/de\/","name":"D&amp;F Vorderachsen Ehrengruber","description":"","potentialAction":[{"@type":"SearchAction","target":{"@type":"EntryPoint","urlTemplate":"https:\/\/www.vorderachsen.at\/de\/?s={search_term_string}"},"query-input":{"@type":"PropertyValueSpecification","valueRequired":true,"valueName":"search_term_string"}}],"inLanguage":"de"}]}},"_links":{"self":[{"href":"https:\/\/www.vorderachsen.at\/de\/wp-json\/wp\/v2\/pages\/3","targetHints":{"allow":["GET"]}}],"collection":[{"href":"https:\/\/www.vorderachsen.at\/de\/wp-json\/wp\/v2\/pages"}],"about":[{"href":"https:\/\/www.vorderachsen.at\/de\/wp-json\/wp\/v2\/types\/page"}],"author":[{"embeddable":true,"href":"https:\/\/www.vorderachsen.at\/de\/wp-json\/wp\/v2\/users\/1"}],"replies":[{"embeddable":true,"href":"https:\/\/www.vorderachsen.at\/de\/wp-json\/wp\/v2\/comments?post=3"}],"version-history":[{"count":2,"href":"https:\/\/www.vorderachsen.at\/de\/wp-json\/wp\/v2\/pages\/3\/revisions"}],"predecessor-version":[{"id":729,"href":"https:\/\/www.vorderachsen.at\/de\/wp-json\/wp\/v2\/pages\/3\/revisions\/729"}],"wp:attachment":[{"href":"https:\/\/www.vorderachsen.at\/de\/wp-json\/wp\/v2\/media?parent=3"}],"curies":[{"name":"wp","href":"https:\/\/api.w.org\/{rel}","templated":true}]}}