{"id":977,"date":"2021-02-19T21:15:30","date_gmt":"2021-02-19T20:15:30","guid":{"rendered":"https:\/\/www.vorderachsen.at\/?page_id=977"},"modified":"2021-04-21T14:09:26","modified_gmt":"2021-04-21T12:09:26","slug":"spezialist-fuer-carraro-achsen","status":"publish","type":"page","link":"https:\/\/www.vorderachsen.at\/de\/service-reparatur\/spezialist-fuer-carraro-achsen\/","title":{"rendered":"Spezialist f\u00fcr Carraro Achsen"},"content":{"rendered":"\n<p>Wir von D&amp;F Vorderachsen Ehrengruber sind seit \u00fcber 20 Jahren Spezialist f\u00fcr Reparatur und Optimierung von Carraro Achsen in \u00d6sterreich. Mit der langj\u00e4hrigen Erfahrung sind wir der optimale Partner f\u00fcr Wartung, Optimierung, Fehlersuche und Reparatur von Carraro Achsen.<\/p>\n\n\n\n<!--more-->\n\n\n\n<p>Carraro Achsen kommen unter anderem bei Traktoren und Landmaschinen der Marken Steyr, Case IH, New Holland und Claas zum Einsatz.<\/p>\n\n\n\n<h3 class=\"wp-block-heading\">Probleme und Reparaturen bei Carraro Vorderachsen<\/h3>\n\n\n\n<p>Es empfiehlt sich immer, die Vorderachse bei bekannten Problemen ehestm\u00f6glich zu reparieren, um Geh\u00e4use und Bolzen zu schonen und teurere Reparaturen zu vermeiden.<\/p>\n\n\n\n<ul class=\"wp-block-list\"><li>Bolzen eingelaufen<\/li><li>Gleitlagerbuchse verschlissen<\/li><li>Mittelachslagerung ausgeschlagen<\/li><li>Triebling Spiel\/Triebling undicht<\/li><li>Antriebswelle Spiel<\/li><li>Dichtring\/Simmering undicht<\/li><li>Nadellager defekt<\/li><li>Planetenantrieb defekt<\/li><li>Achse spielfrei reparieren &#8211; f\u00fcr Paragraf 57 \u00dcberpr\u00fcfung (Pickerl)<\/li><\/ul>\n\n\n\n<p>Weitere Anzeichen, dass die Vorderachse \u00fcberpr\u00fcft werden sollte:<\/p>\n\n\n\n<ul class=\"wp-block-list\"><li>leichtes\/starkes Klackern bei Kurvenfahrt<\/li><li>Federung hebt und senkt sich<\/li><li>Traggelenk Spiel &#8211; Traggelenk tauschen<\/li><li>Achsschenkel Bolzen Spiel\/defekt &#8211; reparieren oder tauschen<\/li><\/ul>\n\n\n\n<p><\/p>\n","protected":false},"excerpt":{"rendered":"<p>Wir von D&amp;F Vorderachsen Ehrengruber sind seit \u00fcber 20 Jahren Spezialist f\u00fcr Reparatur und Optimierung von Carraro Achsen in \u00d6sterreich. Mit der langj\u00e4hrigen Erfahrung sind wir der optimale Partner f\u00fcr Wartung, Optimierung, Fehlersuche und Reparatur von Carraro Achsen.<\/p>\n","protected":false},"author":1,"featured_media":0,"parent":155,"menu_order":0,"comment_status":"closed","ping_status":"closed","template":"","meta":{"_acf_changed":false,"footnotes":""},"class_list":["post-977","page","type-page","status-publish","hentry"],"acf":[],"yoast_head":"<!-- This site is optimized with the Yoast SEO plugin v26.4 - https:\/\/yoast.com\/wordpress\/plugins\/seo\/ -->\n<title>Spezialist f\u00fcr Carraro Achsen - D&amp;F Vorderachsen Ehrengruber<\/title>\n<meta name=\"robots\" content=\"index, follow, max-snippet:-1, max-image-preview:large, max-video-preview:-1\" \/>\n<link rel=\"canonical\" href=\"https:\/\/www.vorderachsen.at\/de\/service-reparatur\/spezialist-fuer-carraro-achsen\/\" \/>\n<meta property=\"og:locale\" content=\"de_DE\" \/>\n<meta property=\"og:type\" content=\"article\" \/>\n<meta property=\"og:title\" content=\"Spezialist f\u00fcr Carraro Achsen - D&amp;F Vorderachsen Ehrengruber\" \/>\n<meta property=\"og:description\" content=\"Wir von D&amp;F Vorderachsen Ehrengruber sind seit \u00fcber 20 Jahren Spezialist f\u00fcr Reparatur und Optimierung von Carraro Achsen in \u00d6sterreich. Mit der langj\u00e4hrigen Erfahrung sind wir der optimale Partner f\u00fcr Wartung, Optimierung, Fehlersuche und Reparatur von Carraro Achsen.\" \/>\n<meta property=\"og:url\" content=\"https:\/\/www.vorderachsen.at\/de\/service-reparatur\/spezialist-fuer-carraro-achsen\/\" \/>\n<meta property=\"og:site_name\" content=\"D&amp;F Vorderachsen Ehrengruber\" \/>\n<meta property=\"article:modified_time\" content=\"2021-04-21T12:09:26+00:00\" \/>\n<meta name=\"twitter:card\" content=\"summary_large_image\" \/>\n<meta name=\"twitter:label1\" content=\"Gesch\u00e4tzte Lesezeit\" \/>\n\t<meta name=\"twitter:data1\" content=\"1\u00a0Minute\" \/>\n<script type=\"application\/ld+json\" class=\"yoast-schema-graph\">{\"@context\":\"https:\/\/schema.org\",\"@graph\":[{\"@type\":\"WebPage\",\"@id\":\"https:\/\/www.vorderachsen.at\/de\/service-reparatur\/spezialist-fuer-carraro-achsen\/\",\"url\":\"https:\/\/www.vorderachsen.at\/de\/service-reparatur\/spezialist-fuer-carraro-achsen\/\",\"name\":\"Spezialist f\u00fcr Carraro Achsen - D&amp;F Vorderachsen Ehrengruber\",\"isPartOf\":{\"@id\":\"https:\/\/www.vorderachsen.at\/de\/#website\"},\"datePublished\":\"2021-02-19T20:15:30+00:00\",\"dateModified\":\"2021-04-21T12:09:26+00:00\",\"breadcrumb\":{\"@id\":\"https:\/\/www.vorderachsen.at\/de\/service-reparatur\/spezialist-fuer-carraro-achsen\/#breadcrumb\"},\"inLanguage\":\"de\",\"potentialAction\":[{\"@type\":\"ReadAction\",\"target\":[\"https:\/\/www.vorderachsen.at\/de\/service-reparatur\/spezialist-fuer-carraro-achsen\/\"]}]},{\"@type\":\"BreadcrumbList\",\"@id\":\"https:\/\/www.vorderachsen.at\/de\/service-reparatur\/spezialist-fuer-carraro-achsen\/#breadcrumb\",\"itemListElement\":[{\"@type\":\"ListItem\",\"position\":1,\"name\":\"Startseite\",\"item\":\"https:\/\/www.vorderachsen.at\/de\/\"},{\"@type\":\"ListItem\",\"position\":2,\"name\":\"Service &#038; Reparatur\",\"item\":\"https:\/\/www.vorderachsen.at\/de\/service-reparatur\/\"},{\"@type\":\"ListItem\",\"position\":3,\"name\":\"Spezialist f\u00fcr Carraro Achsen\"}]},{\"@type\":\"WebSite\",\"@id\":\"https:\/\/www.vorderachsen.at\/de\/#website\",\"url\":\"https:\/\/www.vorderachsen.at\/de\/\",\"name\":\"D&amp;F Vorderachsen Ehrengruber\",\"description\":\"\",\"potentialAction\":[{\"@type\":\"SearchAction\",\"target\":{\"@type\":\"EntryPoint\",\"urlTemplate\":\"https:\/\/www.vorderachsen.at\/de\/?s={search_term_string}\"},\"query-input\":{\"@type\":\"PropertyValueSpecification\",\"valueRequired\":true,\"valueName\":\"search_term_string\"}}],\"inLanguage\":\"de\"}]}<\/script>\n<!-- \/ Yoast SEO plugin. -->","yoast_head_json":{"title":"Spezialist f\u00fcr Carraro Achsen - D&amp;F Vorderachsen Ehrengruber","robots":{"index":"index","follow":"follow","max-snippet":"max-snippet:-1","max-image-preview":"max-image-preview:large","max-video-preview":"max-video-preview:-1"},"canonical":"https:\/\/www.vorderachsen.at\/de\/service-reparatur\/spezialist-fuer-carraro-achsen\/","og_locale":"de_DE","og_type":"article","og_title":"Spezialist f\u00fcr Carraro Achsen - D&amp;F Vorderachsen Ehrengruber","og_description":"Wir von D&amp;F Vorderachsen Ehrengruber sind seit \u00fcber 20 Jahren Spezialist f\u00fcr Reparatur und Optimierung von Carraro Achsen in \u00d6sterreich. Mit der langj\u00e4hrigen Erfahrung sind wir der optimale Partner f\u00fcr Wartung, Optimierung, Fehlersuche und Reparatur von Carraro Achsen.","og_url":"https:\/\/www.vorderachsen.at\/de\/service-reparatur\/spezialist-fuer-carraro-achsen\/","og_site_name":"D&amp;F Vorderachsen Ehrengruber","article_modified_time":"2021-04-21T12:09:26+00:00","twitter_card":"summary_large_image","twitter_misc":{"Gesch\u00e4tzte Lesezeit":"1\u00a0Minute"},"schema":{"@context":"https:\/\/schema.org","@graph":[{"@type":"WebPage","@id":"https:\/\/www.vorderachsen.at\/de\/service-reparatur\/spezialist-fuer-carraro-achsen\/","url":"https:\/\/www.vorderachsen.at\/de\/service-reparatur\/spezialist-fuer-carraro-achsen\/","name":"Spezialist f\u00fcr Carraro Achsen - D&amp;F Vorderachsen Ehrengruber","isPartOf":{"@id":"https:\/\/www.vorderachsen.at\/de\/#website"},"datePublished":"2021-02-19T20:15:30+00:00","dateModified":"2021-04-21T12:09:26+00:00","breadcrumb":{"@id":"https:\/\/www.vorderachsen.at\/de\/service-reparatur\/spezialist-fuer-carraro-achsen\/#breadcrumb"},"inLanguage":"de","potentialAction":[{"@type":"ReadAction","target":["https:\/\/www.vorderachsen.at\/de\/service-reparatur\/spezialist-fuer-carraro-achsen\/"]}]},{"@type":"BreadcrumbList","@id":"https:\/\/www.vorderachsen.at\/de\/service-reparatur\/spezialist-fuer-carraro-achsen\/#breadcrumb","itemListElement":[{"@type":"ListItem","position":1,"name":"Startseite","item":"https:\/\/www.vorderachsen.at\/de\/"},{"@type":"ListItem","position":2,"name":"Service &#038; Reparatur","item":"https:\/\/www.vorderachsen.at\/de\/service-reparatur\/"},{"@type":"ListItem","position":3,"name":"Spezialist f\u00fcr Carraro Achsen"}]},{"@type":"WebSite","@id":"https:\/\/www.vorderachsen.at\/de\/#website","url":"https:\/\/www.vorderachsen.at\/de\/","name":"D&amp;F Vorderachsen Ehrengruber","description":"","potentialAction":[{"@type":"SearchAction","target":{"@type":"EntryPoint","urlTemplate":"https:\/\/www.vorderachsen.at\/de\/?s={search_term_string}"},"query-input":{"@type":"PropertyValueSpecification","valueRequired":true,"valueName":"search_term_string"}}],"inLanguage":"de"}]}},"_links":{"self":[{"href":"https:\/\/www.vorderachsen.at\/de\/wp-json\/wp\/v2\/pages\/977","targetHints":{"allow":["GET"]}}],"collection":[{"href":"https:\/\/www.vorderachsen.at\/de\/wp-json\/wp\/v2\/pages"}],"about":[{"href":"https:\/\/www.vorderachsen.at\/de\/wp-json\/wp\/v2\/types\/page"}],"author":[{"embeddable":true,"href":"https:\/\/www.vorderachsen.at\/de\/wp-json\/wp\/v2\/users\/1"}],"replies":[{"embeddable":true,"href":"https:\/\/www.vorderachsen.at\/de\/wp-json\/wp\/v2\/comments?post=977"}],"version-history":[{"count":5,"href":"https:\/\/www.vorderachsen.at\/de\/wp-json\/wp\/v2\/pages\/977\/revisions"}],"predecessor-version":[{"id":1135,"href":"https:\/\/www.vorderachsen.at\/de\/wp-json\/wp\/v2\/pages\/977\/revisions\/1135"}],"up":[{"embeddable":true,"href":"https:\/\/www.vorderachsen.at\/de\/wp-json\/wp\/v2\/pages\/155"}],"wp:attachment":[{"href":"https:\/\/www.vorderachsen.at\/de\/wp-json\/wp\/v2\/media?parent=977"}],"curies":[{"name":"wp","href":"https:\/\/api.w.org\/{rel}","templated":true}]}}