{"id":986,"date":"2021-02-19T21:27:57","date_gmt":"2021-02-19T20:27:57","guid":{"rendered":"https:\/\/www.vorderachsen.at\/?page_id=986"},"modified":"2021-04-30T12:53:05","modified_gmt":"2021-04-30T10:53:05","slug":"ersatzteile","status":"publish","type":"page","link":"https:\/\/www.vorderachsen.at\/de\/service-reparatur\/ersatzteile\/","title":{"rendered":"Ersatzteile"},"content":{"rendered":"\n<p>Bei uns erhalten Sie jegliche Ersatzteile f\u00fcr Carraro Achsen, wir k\u00f6nnen alle Teile aus dem Carraro Ersatzteilekatalog bestellen und haben viele Teile lagernd.<\/p>\n\n\n\n<!--more-->\n\n\n\n<h3 class=\"wp-block-heading\">Carraro Vorderachse Ersatzteile<\/h3>\n\n\n\n<p>Kontaktieren Sie uns f\u00fcr Carraro Vorderachsen Ersatzteile oder suchen Sie direkt in unserem <a href=\"https:\/\/www.vorderachsen.at\/de\/shop\/\">Online Shop<\/a>.<\/p>\n\n\n\n<p>Weiters bieten wir auch Ersatzteile abseits der Vorderachsen an &#8211; Originalteile und Nachbauteile. Gebrauchte und neue Ersatzteile. F\u00fcr \u00e4ltere Traktormodelle, wo keine Ersatzteile mehr produziert werden, fertigen wir Ersatzteil Speziall\u00f6sungen an.<\/p>\n\n\n\n<p>Wir sind au\u00dferdem Ersatzteilepartner bei Kramp und Granit.<\/p>\n\n\n\n<p>Wir f\u00fchren Ersatzteile f\u00fcr:<\/p>\n\n\n\n<ul class=\"wp-block-list\"><li>Traktoren<\/li><li>Bodenbearbeitungen wie M\u00e4hwerke (Gleitteller, Messer), Pfl\u00fcge, Scharren, Kreiseleggen (Keilriemen, Dichtungen, Normteile, Normlager)<\/li><li>Gartenger\u00e4te Ersatzteile\/Verschlei\u00dfteile<\/li><\/ul>\n\n\n\n<p>Mit der vollst\u00e4ndigen Achsnummer k\u00f6nnen wir jede Ersatzteilliste besorgen und beraten beim Ersatzteilkauf. Wir pr\u00fcfen die Notwendigkeit der Reparatur und reparieren oder optimieren die Vorderachse je nach Bedarf.<\/p>\n","protected":false},"excerpt":{"rendered":"<p>Bei uns erhalten Sie jegliche Ersatzteile f\u00fcr Carraro Achsen, wir k\u00f6nnen alle Teile aus dem Carraro Ersatzteilekatalog bestellen und haben viele Teile lagernd.<\/p>\n","protected":false},"author":1,"featured_media":0,"parent":155,"menu_order":0,"comment_status":"closed","ping_status":"closed","template":"","meta":{"_acf_changed":false,"footnotes":""},"class_list":["post-986","page","type-page","status-publish","hentry"],"acf":[],"yoast_head":"<!-- This site is optimized with the Yoast SEO plugin v26.4 - https:\/\/yoast.com\/wordpress\/plugins\/seo\/ -->\n<title>Ersatzteile - D&amp;F Vorderachsen Ehrengruber<\/title>\n<meta name=\"description\" content=\"Gro\u00dfe Auswahl an Ersatzteilen f\u00fcr Carraro Vorderachsen im Online Shop. Wir fertigen auch individuelle Ersatzteil Speziall\u00f6sungen selber an.\" \/>\n<meta name=\"robots\" content=\"index, follow, max-snippet:-1, max-image-preview:large, max-video-preview:-1\" \/>\n<link rel=\"canonical\" href=\"https:\/\/www.vorderachsen.at\/de\/service-reparatur\/ersatzteile\/\" \/>\n<meta property=\"og:locale\" content=\"de_DE\" \/>\n<meta property=\"og:type\" content=\"article\" \/>\n<meta property=\"og:title\" content=\"Ersatzteile - D&amp;F Vorderachsen Ehrengruber\" \/>\n<meta property=\"og:description\" content=\"Gro\u00dfe Auswahl an Ersatzteilen f\u00fcr Carraro Vorderachsen im Online Shop. Wir fertigen auch individuelle Ersatzteil Speziall\u00f6sungen selber an.\" \/>\n<meta property=\"og:url\" content=\"https:\/\/www.vorderachsen.at\/de\/service-reparatur\/ersatzteile\/\" \/>\n<meta property=\"og:site_name\" content=\"D&amp;F Vorderachsen Ehrengruber\" \/>\n<meta property=\"article:modified_time\" content=\"2021-04-30T10:53:05+00:00\" \/>\n<meta name=\"twitter:card\" content=\"summary_large_image\" \/>\n<meta name=\"twitter:label1\" content=\"Gesch\u00e4tzte Lesezeit\" \/>\n\t<meta name=\"twitter:data1\" content=\"1\u00a0Minute\" \/>\n<script type=\"application\/ld+json\" class=\"yoast-schema-graph\">{\"@context\":\"https:\/\/schema.org\",\"@graph\":[{\"@type\":\"WebPage\",\"@id\":\"https:\/\/www.vorderachsen.at\/de\/service-reparatur\/ersatzteile\/\",\"url\":\"https:\/\/www.vorderachsen.at\/de\/service-reparatur\/ersatzteile\/\",\"name\":\"Ersatzteile - D&amp;F Vorderachsen Ehrengruber\",\"isPartOf\":{\"@id\":\"https:\/\/www.vorderachsen.at\/de\/#website\"},\"datePublished\":\"2021-02-19T20:27:57+00:00\",\"dateModified\":\"2021-04-30T10:53:05+00:00\",\"description\":\"Gro\u00dfe Auswahl an Ersatzteilen f\u00fcr Carraro Vorderachsen im Online Shop. Wir fertigen auch individuelle Ersatzteil Speziall\u00f6sungen selber an.\",\"breadcrumb\":{\"@id\":\"https:\/\/www.vorderachsen.at\/de\/service-reparatur\/ersatzteile\/#breadcrumb\"},\"inLanguage\":\"de\",\"potentialAction\":[{\"@type\":\"ReadAction\",\"target\":[\"https:\/\/www.vorderachsen.at\/de\/service-reparatur\/ersatzteile\/\"]}]},{\"@type\":\"BreadcrumbList\",\"@id\":\"https:\/\/www.vorderachsen.at\/de\/service-reparatur\/ersatzteile\/#breadcrumb\",\"itemListElement\":[{\"@type\":\"ListItem\",\"position\":1,\"name\":\"Startseite\",\"item\":\"https:\/\/www.vorderachsen.at\/de\/\"},{\"@type\":\"ListItem\",\"position\":2,\"name\":\"Service &#038; Reparatur\",\"item\":\"https:\/\/www.vorderachsen.at\/de\/service-reparatur\/\"},{\"@type\":\"ListItem\",\"position\":3,\"name\":\"Ersatzteile\"}]},{\"@type\":\"WebSite\",\"@id\":\"https:\/\/www.vorderachsen.at\/de\/#website\",\"url\":\"https:\/\/www.vorderachsen.at\/de\/\",\"name\":\"D&amp;F Vorderachsen Ehrengruber\",\"description\":\"\",\"potentialAction\":[{\"@type\":\"SearchAction\",\"target\":{\"@type\":\"EntryPoint\",\"urlTemplate\":\"https:\/\/www.vorderachsen.at\/de\/?s={search_term_string}\"},\"query-input\":{\"@type\":\"PropertyValueSpecification\",\"valueRequired\":true,\"valueName\":\"search_term_string\"}}],\"inLanguage\":\"de\"}]}<\/script>\n<!-- \/ Yoast SEO plugin. -->","yoast_head_json":{"title":"Ersatzteile - D&amp;F Vorderachsen Ehrengruber","description":"Gro\u00dfe Auswahl an Ersatzteilen f\u00fcr Carraro Vorderachsen im Online Shop. Wir fertigen auch individuelle Ersatzteil Speziall\u00f6sungen selber an.","robots":{"index":"index","follow":"follow","max-snippet":"max-snippet:-1","max-image-preview":"max-image-preview:large","max-video-preview":"max-video-preview:-1"},"canonical":"https:\/\/www.vorderachsen.at\/de\/service-reparatur\/ersatzteile\/","og_locale":"de_DE","og_type":"article","og_title":"Ersatzteile - D&amp;F Vorderachsen Ehrengruber","og_description":"Gro\u00dfe Auswahl an Ersatzteilen f\u00fcr Carraro Vorderachsen im Online Shop. Wir fertigen auch individuelle Ersatzteil Speziall\u00f6sungen selber an.","og_url":"https:\/\/www.vorderachsen.at\/de\/service-reparatur\/ersatzteile\/","og_site_name":"D&amp;F Vorderachsen Ehrengruber","article_modified_time":"2021-04-30T10:53:05+00:00","twitter_card":"summary_large_image","twitter_misc":{"Gesch\u00e4tzte Lesezeit":"1\u00a0Minute"},"schema":{"@context":"https:\/\/schema.org","@graph":[{"@type":"WebPage","@id":"https:\/\/www.vorderachsen.at\/de\/service-reparatur\/ersatzteile\/","url":"https:\/\/www.vorderachsen.at\/de\/service-reparatur\/ersatzteile\/","name":"Ersatzteile - D&amp;F Vorderachsen Ehrengruber","isPartOf":{"@id":"https:\/\/www.vorderachsen.at\/de\/#website"},"datePublished":"2021-02-19T20:27:57+00:00","dateModified":"2021-04-30T10:53:05+00:00","description":"Gro\u00dfe Auswahl an Ersatzteilen f\u00fcr Carraro Vorderachsen im Online Shop. Wir fertigen auch individuelle Ersatzteil Speziall\u00f6sungen selber an.","breadcrumb":{"@id":"https:\/\/www.vorderachsen.at\/de\/service-reparatur\/ersatzteile\/#breadcrumb"},"inLanguage":"de","potentialAction":[{"@type":"ReadAction","target":["https:\/\/www.vorderachsen.at\/de\/service-reparatur\/ersatzteile\/"]}]},{"@type":"BreadcrumbList","@id":"https:\/\/www.vorderachsen.at\/de\/service-reparatur\/ersatzteile\/#breadcrumb","itemListElement":[{"@type":"ListItem","position":1,"name":"Startseite","item":"https:\/\/www.vorderachsen.at\/de\/"},{"@type":"ListItem","position":2,"name":"Service &#038; Reparatur","item":"https:\/\/www.vorderachsen.at\/de\/service-reparatur\/"},{"@type":"ListItem","position":3,"name":"Ersatzteile"}]},{"@type":"WebSite","@id":"https:\/\/www.vorderachsen.at\/de\/#website","url":"https:\/\/www.vorderachsen.at\/de\/","name":"D&amp;F Vorderachsen Ehrengruber","description":"","potentialAction":[{"@type":"SearchAction","target":{"@type":"EntryPoint","urlTemplate":"https:\/\/www.vorderachsen.at\/de\/?s={search_term_string}"},"query-input":{"@type":"PropertyValueSpecification","valueRequired":true,"valueName":"search_term_string"}}],"inLanguage":"de"}]}},"_links":{"self":[{"href":"https:\/\/www.vorderachsen.at\/de\/wp-json\/wp\/v2\/pages\/986","targetHints":{"allow":["GET"]}}],"collection":[{"href":"https:\/\/www.vorderachsen.at\/de\/wp-json\/wp\/v2\/pages"}],"about":[{"href":"https:\/\/www.vorderachsen.at\/de\/wp-json\/wp\/v2\/types\/page"}],"author":[{"embeddable":true,"href":"https:\/\/www.vorderachsen.at\/de\/wp-json\/wp\/v2\/users\/1"}],"replies":[{"embeddable":true,"href":"https:\/\/www.vorderachsen.at\/de\/wp-json\/wp\/v2\/comments?post=986"}],"version-history":[{"count":6,"href":"https:\/\/www.vorderachsen.at\/de\/wp-json\/wp\/v2\/pages\/986\/revisions"}],"predecessor-version":[{"id":1170,"href":"https:\/\/www.vorderachsen.at\/de\/wp-json\/wp\/v2\/pages\/986\/revisions\/1170"}],"up":[{"embeddable":true,"href":"https:\/\/www.vorderachsen.at\/de\/wp-json\/wp\/v2\/pages\/155"}],"wp:attachment":[{"href":"https:\/\/www.vorderachsen.at\/de\/wp-json\/wp\/v2\/media?parent=986"}],"curies":[{"name":"wp","href":"https:\/\/api.w.org\/{rel}","templated":true}]}}