{"id":811,"date":"2021-02-18T14:50:10","date_gmt":"2021-02-18T13:50:10","guid":{"rendered":"https:\/\/www.vorderachsen.at\/?post_type=product&#038;p=811"},"modified":"2021-12-13T14:23:51","modified_gmt":"2021-12-13T13:23:51","slug":"lagerbock-achsaufhaengung-repariert-im-tausch-1-33-741-645-hinten","status":"publish","type":"product","link":"https:\/\/www.vorderachsen.at\/de\/produkt\/lagerbock-achsaufhaengung-repariert-im-tausch-1-33-741-645-hinten\/","title":{"rendered":"Lagerbock Achsaufh\u00e4ngung Repariert im Tausch 1-33-741-645 hinten"},"content":{"rendered":"<p>Lagerbock aufgefr\u00e4st und eine Buchse hineingepresst auf Originalma\u00df<\/p>\n<p>Nur im Tausch.<\/p>\n","protected":false},"excerpt":{"rendered":"<p>Lagerbock aufgefr\u00e4st und eine Buchse hineingepresst auf Originalma\u00df Nur im Tausch.<\/p>\n","protected":false},"featured_media":555,"template":"","meta":{"_acf_changed":false},"product_brand":[],"product_cat":[48],"product_tag":[],"class_list":{"0":"post-811","1":"product","2":"type-product","3":"status-publish","4":"has-post-thumbnail","6":"product_cat-gehaeuse","7":"product_cat_axis-carraro-2029","9":"first","10":"instock","11":"taxable","12":"shipping-taxable","13":"purchasable","14":"product-type-simple"},"bundled_by":[],"bundle_stock_status":"instock","bundle_stock_quantity":null,"bundle_virtual":false,"bundle_layout":"","bundle_add_to_cart_form_location":"","bundle_editable_in_cart":false,"bundle_sold_individually_context":"","bundle_item_grouping":"","bundle_min_size":"","bundle_max_size":"","bundled_items":[],"bundle_sell_ids":[46,44],"acf":[],"yoast_head":"<!-- This site is optimized with the Yoast SEO plugin v26.4 - https:\/\/yoast.com\/wordpress\/plugins\/seo\/ -->\n<title>Lagerbock Achsaufh\u00e4ngung Repariert im Tausch 1-33-741-645 hinten - D&amp;F Vorderachsen Ehrengruber<\/title>\n<meta name=\"robots\" content=\"index, follow, max-snippet:-1, max-image-preview:large, max-video-preview:-1\" \/>\n<link rel=\"canonical\" href=\"https:\/\/www.vorderachsen.at\/de\/produkt\/lagerbock-achsaufhaengung-repariert-im-tausch-1-33-741-645-hinten\/\" \/>\n<meta property=\"og:locale\" content=\"de_DE\" \/>\n<meta property=\"og:type\" content=\"article\" \/>\n<meta property=\"og:title\" content=\"Lagerbock Achsaufh\u00e4ngung Repariert im Tausch 1-33-741-645 hinten - D&amp;F Vorderachsen Ehrengruber\" \/>\n<meta property=\"og:description\" content=\"Lagerbock aufgefr\u00e4st und eine Buchse hineingepresst auf Originalma\u00df Nur im Tausch.\" \/>\n<meta property=\"og:url\" content=\"https:\/\/www.vorderachsen.at\/de\/produkt\/lagerbock-achsaufhaengung-repariert-im-tausch-1-33-741-645-hinten\/\" \/>\n<meta property=\"og:site_name\" content=\"D&amp;F Vorderachsen Ehrengruber\" \/>\n<meta property=\"article:modified_time\" content=\"2021-12-13T13:23:51+00:00\" \/>\n<meta property=\"og:image\" content=\"https:\/\/www.vorderachsen.at\/wp-content\/uploads\/2020\/10\/DSC09028-scaled.jpg\" \/>\n\t<meta property=\"og:image:width\" content=\"2560\" \/>\n\t<meta property=\"og:image:height\" content=\"1714\" \/>\n\t<meta property=\"og:image:type\" content=\"image\/jpeg\" \/>\n<meta name=\"twitter:card\" content=\"summary_large_image\" \/>\n<meta name=\"twitter:label1\" content=\"Gesch\u00e4tzte Lesezeit\" \/>\n\t<meta name=\"twitter:data1\" content=\"1\u00a0Minute\" \/>\n<script type=\"application\/ld+json\" class=\"yoast-schema-graph\">{\"@context\":\"https:\/\/schema.org\",\"@graph\":[{\"@type\":\"WebPage\",\"@id\":\"https:\/\/www.vorderachsen.at\/de\/produkt\/lagerbock-achsaufhaengung-repariert-im-tausch-1-33-741-645-hinten\/\",\"url\":\"https:\/\/www.vorderachsen.at\/de\/produkt\/lagerbock-achsaufhaengung-repariert-im-tausch-1-33-741-645-hinten\/\",\"name\":\"Lagerbock Achsaufh\u00e4ngung Repariert im Tausch 1-33-741-645 hinten - D&amp;F Vorderachsen Ehrengruber\",\"isPartOf\":{\"@id\":\"https:\/\/www.vorderachsen.at\/de\/#website\"},\"primaryImageOfPage\":{\"@id\":\"https:\/\/www.vorderachsen.at\/de\/produkt\/lagerbock-achsaufhaengung-repariert-im-tausch-1-33-741-645-hinten\/#primaryimage\"},\"image\":{\"@id\":\"https:\/\/www.vorderachsen.at\/de\/produkt\/lagerbock-achsaufhaengung-repariert-im-tausch-1-33-741-645-hinten\/#primaryimage\"},\"thumbnailUrl\":\"https:\/\/www.vorderachsen.at\/wp-content\/uploads\/2020\/10\/DSC09028-scaled.jpg\",\"datePublished\":\"2021-02-18T13:50:10+00:00\",\"dateModified\":\"2021-12-13T13:23:51+00:00\",\"breadcrumb\":{\"@id\":\"https:\/\/www.vorderachsen.at\/de\/produkt\/lagerbock-achsaufhaengung-repariert-im-tausch-1-33-741-645-hinten\/#breadcrumb\"},\"inLanguage\":\"de\",\"potentialAction\":[{\"@type\":\"ReadAction\",\"target\":[\"https:\/\/www.vorderachsen.at\/de\/produkt\/lagerbock-achsaufhaengung-repariert-im-tausch-1-33-741-645-hinten\/\"]}]},{\"@type\":\"ImageObject\",\"inLanguage\":\"de\",\"@id\":\"https:\/\/www.vorderachsen.at\/de\/produkt\/lagerbock-achsaufhaengung-repariert-im-tausch-1-33-741-645-hinten\/#primaryimage\",\"url\":\"https:\/\/www.vorderachsen.at\/wp-content\/uploads\/2020\/10\/DSC09028-scaled.jpg\",\"contentUrl\":\"https:\/\/www.vorderachsen.at\/wp-content\/uploads\/2020\/10\/DSC09028-scaled.jpg\",\"width\":2560,\"height\":1714,\"caption\":\"SONY DSC\"},{\"@type\":\"BreadcrumbList\",\"@id\":\"https:\/\/www.vorderachsen.at\/de\/produkt\/lagerbock-achsaufhaengung-repariert-im-tausch-1-33-741-645-hinten\/#breadcrumb\",\"itemListElement\":[{\"@type\":\"ListItem\",\"position\":1,\"name\":\"Startseite\",\"item\":\"https:\/\/www.vorderachsen.at\/de\/\"},{\"@type\":\"ListItem\",\"position\":2,\"name\":\"Online Shop\",\"item\":\"https:\/\/www.vorderachsen.at\/de\/shop\/\"},{\"@type\":\"ListItem\",\"position\":3,\"name\":\"Lagerbock Achsaufh\u00e4ngung Repariert im Tausch 1-33-741-645 hinten\"}]},{\"@type\":\"WebSite\",\"@id\":\"https:\/\/www.vorderachsen.at\/de\/#website\",\"url\":\"https:\/\/www.vorderachsen.at\/de\/\",\"name\":\"D&amp;F Vorderachsen Ehrengruber\",\"description\":\"\",\"potentialAction\":[{\"@type\":\"SearchAction\",\"target\":{\"@type\":\"EntryPoint\",\"urlTemplate\":\"https:\/\/www.vorderachsen.at\/de\/?s={search_term_string}\"},\"query-input\":{\"@type\":\"PropertyValueSpecification\",\"valueRequired\":true,\"valueName\":\"search_term_string\"}}],\"inLanguage\":\"de\"}]}<\/script>\n<!-- \/ Yoast SEO plugin. -->","yoast_head_json":{"title":"Lagerbock Achsaufh\u00e4ngung Repariert im Tausch 1-33-741-645 hinten - D&amp;F Vorderachsen Ehrengruber","robots":{"index":"index","follow":"follow","max-snippet":"max-snippet:-1","max-image-preview":"max-image-preview:large","max-video-preview":"max-video-preview:-1"},"canonical":"https:\/\/www.vorderachsen.at\/de\/produkt\/lagerbock-achsaufhaengung-repariert-im-tausch-1-33-741-645-hinten\/","og_locale":"de_DE","og_type":"article","og_title":"Lagerbock Achsaufh\u00e4ngung Repariert im Tausch 1-33-741-645 hinten - D&amp;F Vorderachsen Ehrengruber","og_description":"Lagerbock aufgefr\u00e4st und eine Buchse hineingepresst auf Originalma\u00df Nur im Tausch.","og_url":"https:\/\/www.vorderachsen.at\/de\/produkt\/lagerbock-achsaufhaengung-repariert-im-tausch-1-33-741-645-hinten\/","og_site_name":"D&amp;F Vorderachsen Ehrengruber","article_modified_time":"2021-12-13T13:23:51+00:00","og_image":[{"width":2560,"height":1714,"url":"https:\/\/www.vorderachsen.at\/wp-content\/uploads\/2020\/10\/DSC09028-scaled.jpg","type":"image\/jpeg"}],"twitter_card":"summary_large_image","twitter_misc":{"Gesch\u00e4tzte Lesezeit":"1\u00a0Minute"},"schema":{"@context":"https:\/\/schema.org","@graph":[{"@type":"WebPage","@id":"https:\/\/www.vorderachsen.at\/de\/produkt\/lagerbock-achsaufhaengung-repariert-im-tausch-1-33-741-645-hinten\/","url":"https:\/\/www.vorderachsen.at\/de\/produkt\/lagerbock-achsaufhaengung-repariert-im-tausch-1-33-741-645-hinten\/","name":"Lagerbock Achsaufh\u00e4ngung Repariert im Tausch 1-33-741-645 hinten - D&amp;F Vorderachsen Ehrengruber","isPartOf":{"@id":"https:\/\/www.vorderachsen.at\/de\/#website"},"primaryImageOfPage":{"@id":"https:\/\/www.vorderachsen.at\/de\/produkt\/lagerbock-achsaufhaengung-repariert-im-tausch-1-33-741-645-hinten\/#primaryimage"},"image":{"@id":"https:\/\/www.vorderachsen.at\/de\/produkt\/lagerbock-achsaufhaengung-repariert-im-tausch-1-33-741-645-hinten\/#primaryimage"},"thumbnailUrl":"https:\/\/www.vorderachsen.at\/wp-content\/uploads\/2020\/10\/DSC09028-scaled.jpg","datePublished":"2021-02-18T13:50:10+00:00","dateModified":"2021-12-13T13:23:51+00:00","breadcrumb":{"@id":"https:\/\/www.vorderachsen.at\/de\/produkt\/lagerbock-achsaufhaengung-repariert-im-tausch-1-33-741-645-hinten\/#breadcrumb"},"inLanguage":"de","potentialAction":[{"@type":"ReadAction","target":["https:\/\/www.vorderachsen.at\/de\/produkt\/lagerbock-achsaufhaengung-repariert-im-tausch-1-33-741-645-hinten\/"]}]},{"@type":"ImageObject","inLanguage":"de","@id":"https:\/\/www.vorderachsen.at\/de\/produkt\/lagerbock-achsaufhaengung-repariert-im-tausch-1-33-741-645-hinten\/#primaryimage","url":"https:\/\/www.vorderachsen.at\/wp-content\/uploads\/2020\/10\/DSC09028-scaled.jpg","contentUrl":"https:\/\/www.vorderachsen.at\/wp-content\/uploads\/2020\/10\/DSC09028-scaled.jpg","width":2560,"height":1714,"caption":"SONY DSC"},{"@type":"BreadcrumbList","@id":"https:\/\/www.vorderachsen.at\/de\/produkt\/lagerbock-achsaufhaengung-repariert-im-tausch-1-33-741-645-hinten\/#breadcrumb","itemListElement":[{"@type":"ListItem","position":1,"name":"Startseite","item":"https:\/\/www.vorderachsen.at\/de\/"},{"@type":"ListItem","position":2,"name":"Online Shop","item":"https:\/\/www.vorderachsen.at\/de\/shop\/"},{"@type":"ListItem","position":3,"name":"Lagerbock Achsaufh\u00e4ngung Repariert im Tausch 1-33-741-645 hinten"}]},{"@type":"WebSite","@id":"https:\/\/www.vorderachsen.at\/de\/#website","url":"https:\/\/www.vorderachsen.at\/de\/","name":"D&amp;F Vorderachsen Ehrengruber","description":"","potentialAction":[{"@type":"SearchAction","target":{"@type":"EntryPoint","urlTemplate":"https:\/\/www.vorderachsen.at\/de\/?s={search_term_string}"},"query-input":{"@type":"PropertyValueSpecification","valueRequired":true,"valueName":"search_term_string"}}],"inLanguage":"de"}]}},"_links":{"self":[{"href":"https:\/\/www.vorderachsen.at\/de\/wp-json\/wp\/v2\/product\/811","targetHints":{"allow":["GET"]}}],"collection":[{"href":"https:\/\/www.vorderachsen.at\/de\/wp-json\/wp\/v2\/product"}],"about":[{"href":"https:\/\/www.vorderachsen.at\/de\/wp-json\/wp\/v2\/types\/product"}],"wp:featuredmedia":[{"embeddable":true,"href":"https:\/\/www.vorderachsen.at\/de\/wp-json\/wp\/v2\/media\/555"}],"wp:attachment":[{"href":"https:\/\/www.vorderachsen.at\/de\/wp-json\/wp\/v2\/media?parent=811"}],"wp:term":[{"taxonomy":"product_brand","embeddable":true,"href":"https:\/\/www.vorderachsen.at\/de\/wp-json\/wp\/v2\/product_brand?post=811"},{"taxonomy":"product_cat","embeddable":true,"href":"https:\/\/www.vorderachsen.at\/de\/wp-json\/wp\/v2\/product_cat?post=811"},{"taxonomy":"product_tag","embeddable":true,"href":"https:\/\/www.vorderachsen.at\/de\/wp-json\/wp\/v2\/product_tag?post=811"}],"curies":[{"name":"wp","href":"https:\/\/api.w.org\/{rel}","templated":true}]}}